{"id":4498,"date":"2023-01-24T21:04:53","date_gmt":"2023-01-24T21:04:53","guid":{"rendered":"https:\/\/jpdistribucion.com\/index.php\/producto\/hoodie-with-logo\/"},"modified":"2026-04-12T00:16:01","modified_gmt":"2026-04-12T00:16:01","slug":"hoodie-with-logo","status":"publish","type":"product","link":"https:\/\/jpdistribucion.com\/index.php\/producto\/hoodie-with-logo\/","title":{"rendered":"2019, AUSTOPMEX, DISCO DE CORTE"},"content":{"rendered":"<p>Disco de 7 pulgadas dise\u00f1ado para usar con esmeriladora a un \u00e1ngulo de 90 grados, es apto solo para cortar no para desbastar, fabricado en granos especiales de \u00f3xido de aluminio de gran resistencia.<\/p>\n<p>Hecho en Alemania.<\/p>\n","protected":false},"excerpt":{"rendered":"<p>Disco de 7 pulgadas dise\u00f1ado para usar con esmeriladora a un \u00e1ngulo de 90 grados.<\/p>\n","protected":false},"featured_media":4499,"comment_status":"open","ping_status":"closed","template":"","meta":{"site-sidebar-layout":"default","site-content-layout":"default","ast-global-header-display":"","ast-main-header-display":"","ast-hfb-above-header-display":"","ast-hfb-below-header-display":"","ast-hfb-mobile-header-display":"","site-post-title":"","ast-breadcrumbs-content":"","ast-featured-img":"","footer-sml-layout":"","theme-transparent-header-meta":"default","adv-header-id-meta":"","stick-header-meta":"","header-above-stick-meta":"","header-main-stick-meta":"","header-below-stick-meta":""},"product_cat":[71],"product_tag":[75,72,73,74],"_links":{"self":[{"href":"https:\/\/jpdistribucion.com\/index.php\/wp-json\/wp\/v2\/product\/4498"}],"collection":[{"href":"https:\/\/jpdistribucion.com\/index.php\/wp-json\/wp\/v2\/product"}],"about":[{"href":"https:\/\/jpdistribucion.com\/index.php\/wp-json\/wp\/v2\/types\/product"}],"replies":[{"embeddable":true,"href":"https:\/\/jpdistribucion.com\/index.php\/wp-json\/wp\/v2\/comments?post=4498"}],"version-history":[{"count":3,"href":"https:\/\/jpdistribucion.com\/index.php\/wp-json\/wp\/v2\/product\/4498\/revisions"}],"predecessor-version":[{"id":4502,"href":"https:\/\/jpdistribucion.com\/index.php\/wp-json\/wp\/v2\/product\/4498\/revisions\/4502"}],"wp:featuredmedia":[{"embeddable":true,"href":"https:\/\/jpdistribucion.com\/index.php\/wp-json\/wp\/v2\/media\/4499"}],"wp:attachment":[{"href":"https:\/\/jpdistribucion.com\/index.php\/wp-json\/wp\/v2\/media?parent=4498"}],"wp:term":[{"taxonomy":"product_cat","embeddable":true,"href":"https:\/\/jpdistribucion.com\/index.php\/wp-json\/wp\/v2\/product_cat?post=4498"},{"taxonomy":"product_tag","embeddable":true,"href":"https:\/\/jpdistribucion.com\/index.php\/wp-json\/wp\/v2\/product_tag?post=4498"}],"curies":[{"name":"wp","href":"https:\/\/api.w.org\/{rel}","templated":true}]}}