{"id":4509,"date":"2023-01-24T21:39:20","date_gmt":"2023-01-24T21:39:20","guid":{"rendered":"https:\/\/jpdistribucion.com\/?post_type=product&#038;p=4509"},"modified":"2023-01-24T21:47:46","modified_gmt":"2023-01-24T21:47:46","slug":"disco-corte-para-acero-inox-4-5-x-0-40","status":"publish","type":"product","link":"https:\/\/jpdistribucion.com\/index.php\/producto\/disco-corte-para-acero-inox-4-5-x-0-40\/","title":{"rendered":"DISCO CORTE PARA ACERO INOX 4.5&#8243; X 0.40&#8243;"},"content":{"rendered":"<p>Para corte preciso de acero inoxidable. Cuenta con una excelente relaci\u00f3n precio-rendimiento y con la certificaci\u00f3n de la organizaci\u00f3n para la seguridad de los abrasivos.<\/p>\n","protected":false},"excerpt":{"rendered":"<p>Para corte preciso de acero inoxidable.<\/p>\n","protected":false},"featured_media":4510,"comment_status":"open","ping_status":"closed","template":"","meta":{"site-sidebar-layout":"default","site-content-layout":"default","ast-global-header-display":"","ast-main-header-display":"","ast-hfb-above-header-display":"","ast-hfb-below-header-display":"","ast-hfb-mobile-header-display":"","site-post-title":"","ast-breadcrumbs-content":"","ast-featured-img":"","footer-sml-layout":"","theme-transparent-header-meta":"default","adv-header-id-meta":"","stick-header-meta":"","header-above-stick-meta":"","header-main-stick-meta":"","header-below-stick-meta":""},"product_cat":[71],"product_tag":[80,81,73,79],"_links":{"self":[{"href":"https:\/\/jpdistribucion.com\/index.php\/wp-json\/wp\/v2\/product\/4509"}],"collection":[{"href":"https:\/\/jpdistribucion.com\/index.php\/wp-json\/wp\/v2\/product"}],"about":[{"href":"https:\/\/jpdistribucion.com\/index.php\/wp-json\/wp\/v2\/types\/product"}],"replies":[{"embeddable":true,"href":"https:\/\/jpdistribucion.com\/index.php\/wp-json\/wp\/v2\/comments?post=4509"}],"version-history":[{"count":2,"href":"https:\/\/jpdistribucion.com\/index.php\/wp-json\/wp\/v2\/product\/4509\/revisions"}],"predecessor-version":[{"id":4515,"href":"https:\/\/jpdistribucion.com\/index.php\/wp-json\/wp\/v2\/product\/4509\/revisions\/4515"}],"wp:featuredmedia":[{"embeddable":true,"href":"https:\/\/jpdistribucion.com\/index.php\/wp-json\/wp\/v2\/media\/4510"}],"wp:attachment":[{"href":"https:\/\/jpdistribucion.com\/index.php\/wp-json\/wp\/v2\/media?parent=4509"}],"wp:term":[{"taxonomy":"product_cat","embeddable":true,"href":"https:\/\/jpdistribucion.com\/index.php\/wp-json\/wp\/v2\/product_cat?post=4509"},{"taxonomy":"product_tag","embeddable":true,"href":"https:\/\/jpdistribucion.com\/index.php\/wp-json\/wp\/v2\/product_tag?post=4509"}],"curies":[{"name":"wp","href":"https:\/\/api.w.org\/{rel}","templated":true}]}}