{"id":4564,"date":"2023-01-25T21:52:04","date_gmt":"2023-01-25T21:52:04","guid":{"rendered":"https:\/\/jpdistribucion.com\/?post_type=product&#038;p=4564"},"modified":"2023-01-25T21:52:05","modified_gmt":"2023-01-25T21:52:05","slug":"tapones-auditivos-ultrafit-200-pzs-3m","status":"publish","type":"product","link":"https:\/\/jpdistribucion.com\/index.php\/producto\/tapones-auditivos-ultrafit-200-pzs-3m\/","title":{"rendered":"TAPONES AUDITIVOS ULTRAFIT 200 PZS 3M"},"content":{"rendered":"<p>Los Tapones Auditivos 3M\u2122 EAR\u2122 UltraFit\u2122 con cord\u00f3n, incluye un dise\u00f1o propio, premoldeado, triple reborde que se adapta c\u00f3modamente a la mayor\u00eda de canales auditivos.<\/p>\n","protected":false},"excerpt":{"rendered":"<p class=\"MMM--hdg MMM--hdg_1 hdg_contentDetailTitle\">Tap\u00f3n Auditivo Reut con cord\u00f3n.<\/p>\n","protected":false},"featured_media":4565,"comment_status":"open","ping_status":"closed","template":"","meta":{"site-sidebar-layout":"default","site-content-layout":"default","ast-global-header-display":"","ast-main-header-display":"","ast-hfb-above-header-display":"","ast-hfb-below-header-display":"","ast-hfb-mobile-header-display":"","site-post-title":"","ast-breadcrumbs-content":"","ast-featured-img":"","footer-sml-layout":"","theme-transparent-header-meta":"default","adv-header-id-meta":"","stick-header-meta":"","header-above-stick-meta":"","header-main-stick-meta":"","header-below-stick-meta":""},"product_cat":[122],"product_tag":[125,123,124],"_links":{"self":[{"href":"https:\/\/jpdistribucion.com\/index.php\/wp-json\/wp\/v2\/product\/4564"}],"collection":[{"href":"https:\/\/jpdistribucion.com\/index.php\/wp-json\/wp\/v2\/product"}],"about":[{"href":"https:\/\/jpdistribucion.com\/index.php\/wp-json\/wp\/v2\/types\/product"}],"replies":[{"embeddable":true,"href":"https:\/\/jpdistribucion.com\/index.php\/wp-json\/wp\/v2\/comments?post=4564"}],"version-history":[{"count":1,"href":"https:\/\/jpdistribucion.com\/index.php\/wp-json\/wp\/v2\/product\/4564\/revisions"}],"predecessor-version":[{"id":4566,"href":"https:\/\/jpdistribucion.com\/index.php\/wp-json\/wp\/v2\/product\/4564\/revisions\/4566"}],"wp:featuredmedia":[{"embeddable":true,"href":"https:\/\/jpdistribucion.com\/index.php\/wp-json\/wp\/v2\/media\/4565"}],"wp:attachment":[{"href":"https:\/\/jpdistribucion.com\/index.php\/wp-json\/wp\/v2\/media?parent=4564"}],"wp:term":[{"taxonomy":"product_cat","embeddable":true,"href":"https:\/\/jpdistribucion.com\/index.php\/wp-json\/wp\/v2\/product_cat?post=4564"},{"taxonomy":"product_tag","embeddable":true,"href":"https:\/\/jpdistribucion.com\/index.php\/wp-json\/wp\/v2\/product_tag?post=4564"}],"curies":[{"name":"wp","href":"https:\/\/api.w.org\/{rel}","templated":true}]}}