{"id":4581,"date":"2023-01-26T18:37:52","date_gmt":"2023-01-26T18:37:52","guid":{"rendered":"https:\/\/jpdistribucion.com\/index.php\/producto\/hoodie-with-logo-2\/"},"modified":"2023-01-26T19:12:44","modified_gmt":"2023-01-26T19:12:44","slug":"abn-juegos-de-60-pzs","status":"publish","type":"product","link":"https:\/\/jpdistribucion.com\/index.php\/producto\/abn-juegos-de-60-pzs\/","title":{"rendered":"ABN JUEGO DE 60 PZS METRICAS Y SAE ESTAN"},"content":{"rendered":"<p>Corte y renueve las roscas externas e internas seg\u00fan los est\u00e1ndares m\u00e1s exigentes con el kit de reenhebrado de 60 piezas para cortar roscas externas e internas.<\/p>\n<p>Contenido del paquete: Machos y troqueles roscados gruesos y finos de #4 \u2013 40 a #12 \u2013 24 machos fraccionales y troqueles de 1\/4 \u2013 28 a 1\/2 \u2013 20, 1\/8 \u2013 27 NPT grifo y troqueles m\u00e9tricos de M3 x .5 a M12 x 1,75 Medidor de rosca Manija del grifo Manija de troquel Portabrocas peque\u00f1o.<\/p>\n","protected":false},"excerpt":{"rendered":"<p>Corte y renueve las roscas externas e internas seg\u00fan los est\u00e1ndares m\u00e1s exigentes con el kit de reenhebrado de 60 piezas para cortar roscas externas e internas.<\/p>\n","protected":false},"featured_media":4582,"comment_status":"open","ping_status":"closed","template":"","meta":{"site-sidebar-layout":"default","site-content-layout":"default","ast-global-header-display":"","ast-main-header-display":"","ast-hfb-above-header-display":"","ast-hfb-below-header-display":"","ast-hfb-mobile-header-display":"","site-post-title":"","ast-breadcrumbs-content":"","ast-featured-img":"","footer-sml-layout":"","theme-transparent-header-meta":"default","adv-header-id-meta":"","stick-header-meta":"","header-above-stick-meta":"","header-main-stick-meta":"","header-below-stick-meta":""},"product_cat":[126],"product_tag":[128,81,127,129],"_links":{"self":[{"href":"https:\/\/jpdistribucion.com\/index.php\/wp-json\/wp\/v2\/product\/4581"}],"collection":[{"href":"https:\/\/jpdistribucion.com\/index.php\/wp-json\/wp\/v2\/product"}],"about":[{"href":"https:\/\/jpdistribucion.com\/index.php\/wp-json\/wp\/v2\/types\/product"}],"replies":[{"embeddable":true,"href":"https:\/\/jpdistribucion.com\/index.php\/wp-json\/wp\/v2\/comments?post=4581"}],"version-history":[{"count":1,"href":"https:\/\/jpdistribucion.com\/index.php\/wp-json\/wp\/v2\/product\/4581\/revisions"}],"predecessor-version":[{"id":4583,"href":"https:\/\/jpdistribucion.com\/index.php\/wp-json\/wp\/v2\/product\/4581\/revisions\/4583"}],"wp:featuredmedia":[{"embeddable":true,"href":"https:\/\/jpdistribucion.com\/index.php\/wp-json\/wp\/v2\/media\/4582"}],"wp:attachment":[{"href":"https:\/\/jpdistribucion.com\/index.php\/wp-json\/wp\/v2\/media?parent=4581"}],"wp:term":[{"taxonomy":"product_cat","embeddable":true,"href":"https:\/\/jpdistribucion.com\/index.php\/wp-json\/wp\/v2\/product_cat?post=4581"},{"taxonomy":"product_tag","embeddable":true,"href":"https:\/\/jpdistribucion.com\/index.php\/wp-json\/wp\/v2\/product_tag?post=4581"}],"curies":[{"name":"wp","href":"https:\/\/api.w.org\/{rel}","templated":true}]}}